{"id":24015,"date":"2022-05-27T08:40:51","date_gmt":"2022-05-27T08:40:51","guid":{"rendered":"https:\/\/dna-sport.com\/?post_type=product&#038;p=24015"},"modified":"2025-11-20T09:19:40","modified_gmt":"2025-11-20T09:19:40","slug":"borracha-topeak-suporte-bagagens-mtx","status":"publish","type":"product","link":"https:\/\/dna-sport.com\/pt-pt\/produto\/borracha-topeak-suporte-bagagens-mtx\/","title":{"rendered":"BORRACHA TOPEAK SUPORTE BAGAGENS MTX TRK-R004"},"content":{"rendered":"<p>Borrachas para os suportes de bagagens traseiro Topeak de fixa\u00e7\u00e3o no espig\u00e3o s\u00e9rie MTX TA2096<\/p>\n","protected":false},"excerpt":{"rendered":"<p>Borrachas para os suportes de bagagens traseiro Topeak de fixa\u00e7\u00e3o no espig\u00e3o s\u00e9rie MTX TA2096<\/p>\n","protected":false},"featured_media":27596,"template":"","meta":{"site-sidebar-layout":"default","site-content-layout":"default","ast-site-content-layout":"default","site-content-style":"default","site-sidebar-style":"default","ast-global-header-display":"","ast-banner-title-visibility":"","ast-main-header-display":"","ast-hfb-above-header-display":"","ast-hfb-below-header-display":"","ast-hfb-mobile-header-display":"","site-post-title":"","ast-breadcrumbs-content":"","ast-featured-img":"","footer-sml-layout":"","ast-disable-related-posts":"","theme-transparent-header-meta":"default","adv-header-id-meta":"","stick-header-meta":"","header-above-stick-meta":"","header-main-stick-meta":"","header-below-stick-meta":"","astra-migrate-meta-layouts":"default","ast-page-background-enabled":"default","ast-page-background-meta":{"desktop":{"background-color":"var(--ast-global-color-4)","background-image":"","background-repeat":"repeat","background-position":"center center","background-size":"auto","background-attachment":"scroll","background-type":"","background-media":"","overlay-type":"","overlay-color":"","overlay-opacity":"","overlay-gradient":""},"tablet":{"background-color":"","background-image":"","background-repeat":"repeat","background-position":"center center","background-size":"auto","background-attachment":"scroll","background-type":"","background-media":"","overlay-type":"","overlay-color":"","overlay-opacity":"","overlay-gradient":""},"mobile":{"background-color":"","background-image":"","background-repeat":"repeat","background-position":"center center","background-size":"auto","background-attachment":"scroll","background-type":"","background-media":"","overlay-type":"","overlay-color":"","overlay-opacity":"","overlay-gradient":""}},"ast-content-background-meta":{"desktop":{"background-color":"var(--ast-global-color-5)","background-image":"","background-repeat":"repeat","background-position":"center center","background-size":"auto","background-attachment":"scroll","background-type":"","background-media":"","overlay-type":"","overlay-color":"","overlay-opacity":"","overlay-gradient":""},"tablet":{"background-color":"var(--ast-global-color-5)","background-image":"","background-repeat":"repeat","background-position":"center center","background-size":"auto","background-attachment":"scroll","background-type":"","background-media":"","overlay-type":"","overlay-color":"","overlay-opacity":"","overlay-gradient":""},"mobile":{"background-color":"var(--ast-global-color-5)","background-image":"","background-repeat":"repeat","background-position":"center center","background-size":"auto","background-attachment":"scroll","background-type":"","background-media":"","overlay-type":"","overlay-color":"","overlay-opacity":"","overlay-gradient":""}}},"product_brand":[],"product_cat":[39,28,84],"product_tag":[],"class_list":{"0":"post-24015","1":"product","2":"type-product","3":"status-publish","4":"has-post-thumbnail","6":"product_cat-acessorios-bicicleta","7":"product_cat-componentes-de-bicicleta","8":"product_cat-suporte-de-bagagens","9":"desktop-align-left","10":"tablet-align-left","11":"mobile-align-left","13":"first","14":"instock","15":"shipping-taxable","16":"purchasable","17":"product-type-simple"},"yoast_head":"<!-- This site is optimized with the Yoast SEO plugin v27.4 - https:\/\/yoast.com\/product\/yoast-seo-wordpress\/ -->\n<title>BORRACHA TOPEAK SUPORTE BAGAGENS MTX TRK-R004 &#8226; DNA-SPORT.COM<\/title>\n<meta name=\"robots\" content=\"index, follow, max-snippet:-1, max-image-preview:large, max-video-preview:-1\" \/>\n<link rel=\"canonical\" href=\"https:\/\/dna-sport.com\/pt-pt\/produto\/borracha-topeak-suporte-bagagens-mtx\/\" \/>\n<meta property=\"og:locale\" content=\"pt_PT\" \/>\n<meta property=\"og:type\" content=\"article\" \/>\n<meta property=\"og:title\" content=\"BORRACHA TOPEAK SUPORTE BAGAGENS MTX TRK-R004 &#8226; DNA-SPORT.COM\" \/>\n<meta property=\"og:description\" content=\"Borrachas para os suportes de bagagens traseiro Topeak de fixa\u00e7\u00e3o no espig\u00e3o s\u00e9rie MTX TA2096\" \/>\n<meta property=\"og:url\" content=\"https:\/\/dna-sport.com\/pt-pt\/produto\/borracha-topeak-suporte-bagagens-mtx\/\" \/>\n<meta property=\"og:site_name\" content=\"DNA-SPORT.COM\" \/>\n<meta property=\"article:publisher\" content=\"https:\/\/www.facebook.com\/Sport.is.Our.Dna\" \/>\n<meta property=\"article:modified_time\" content=\"2025-11-20T09:19:40+00:00\" \/>\n<meta property=\"og:image\" content=\"https:\/\/dna-sport.com\/wp-content\/uploads\/2022\/06\/TP98.8310.jpg\" \/>\n\t<meta property=\"og:image:width\" content=\"800\" \/>\n\t<meta property=\"og:image:height\" content=\"600\" \/>\n\t<meta property=\"og:image:type\" content=\"image\/jpeg\" \/>\n<meta name=\"twitter:card\" content=\"summary_large_image\" \/>\n<script type=\"application\/ld+json\" class=\"yoast-schema-graph\">{\"@context\":\"https:\\\/\\\/schema.org\",\"@graph\":[{\"@type\":\"WebPage\",\"@id\":\"https:\\\/\\\/dna-sport.com\\\/pt-pt\\\/produto\\\/borracha-topeak-suporte-bagagens-mtx\\\/\",\"url\":\"https:\\\/\\\/dna-sport.com\\\/pt-pt\\\/produto\\\/borracha-topeak-suporte-bagagens-mtx\\\/\",\"name\":\"BORRACHA TOPEAK SUPORTE BAGAGENS MTX TRK-R004 &#8226; DNA-SPORT.COM\",\"isPartOf\":{\"@id\":\"https:\\\/\\\/dna-sport.com\\\/pt-pt\\\/#website\"},\"primaryImageOfPage\":{\"@id\":\"https:\\\/\\\/dna-sport.com\\\/pt-pt\\\/produto\\\/borracha-topeak-suporte-bagagens-mtx\\\/#primaryimage\"},\"image\":{\"@id\":\"https:\\\/\\\/dna-sport.com\\\/pt-pt\\\/produto\\\/borracha-topeak-suporte-bagagens-mtx\\\/#primaryimage\"},\"thumbnailUrl\":\"https:\\\/\\\/dna-sport.com\\\/wp-content\\\/uploads\\\/2022\\\/06\\\/TP98.8310.jpg\",\"datePublished\":\"2022-05-27T08:40:51+00:00\",\"dateModified\":\"2025-11-20T09:19:40+00:00\",\"breadcrumb\":{\"@id\":\"https:\\\/\\\/dna-sport.com\\\/pt-pt\\\/produto\\\/borracha-topeak-suporte-bagagens-mtx\\\/#breadcrumb\"},\"inLanguage\":\"pt-PT\",\"potentialAction\":[{\"@type\":\"ReadAction\",\"target\":[\"https:\\\/\\\/dna-sport.com\\\/pt-pt\\\/produto\\\/borracha-topeak-suporte-bagagens-mtx\\\/\"]}]},{\"@type\":\"ImageObject\",\"inLanguage\":\"pt-PT\",\"@id\":\"https:\\\/\\\/dna-sport.com\\\/pt-pt\\\/produto\\\/borracha-topeak-suporte-bagagens-mtx\\\/#primaryimage\",\"url\":\"https:\\\/\\\/dna-sport.com\\\/wp-content\\\/uploads\\\/2022\\\/06\\\/TP98.8310.jpg\",\"contentUrl\":\"https:\\\/\\\/dna-sport.com\\\/wp-content\\\/uploads\\\/2022\\\/06\\\/TP98.8310.jpg\",\"width\":800,\"height\":600},{\"@type\":\"BreadcrumbList\",\"@id\":\"https:\\\/\\\/dna-sport.com\\\/pt-pt\\\/produto\\\/borracha-topeak-suporte-bagagens-mtx\\\/#breadcrumb\",\"itemListElement\":[{\"@type\":\"ListItem\",\"position\":1,\"name\":\"Home\",\"item\":\"https:\\\/\\\/dna-sport.com\\\/pt-pt\\\/\"},{\"@type\":\"ListItem\",\"position\":2,\"name\":\"Loja\",\"item\":\"https:\\\/\\\/dna-sport.com\\\/pt-pt\\\/loja\\\/\"},{\"@type\":\"ListItem\",\"position\":3,\"name\":\"BORRACHA TOPEAK SUPORTE BAGAGENS MTX TRK-R004\"}]},{\"@type\":\"WebSite\",\"@id\":\"https:\\\/\\\/dna-sport.com\\\/pt-pt\\\/#website\",\"url\":\"https:\\\/\\\/dna-sport.com\\\/pt-pt\\\/\",\"name\":\"DNA-SPORT.COM\",\"description\":\"\",\"publisher\":{\"@id\":\"https:\\\/\\\/dna-sport.com\\\/pt-pt\\\/#organization\"},\"potentialAction\":[{\"@type\":\"SearchAction\",\"target\":{\"@type\":\"EntryPoint\",\"urlTemplate\":\"https:\\\/\\\/dna-sport.com\\\/pt-pt\\\/?s={search_term_string}\"},\"query-input\":{\"@type\":\"PropertyValueSpecification\",\"valueRequired\":true,\"valueName\":\"search_term_string\"}}],\"inLanguage\":\"pt-PT\"},{\"@type\":\"Organization\",\"@id\":\"https:\\\/\\\/dna-sport.com\\\/pt-pt\\\/#organization\",\"name\":\"DNA-Sport.com\",\"url\":\"https:\\\/\\\/dna-sport.com\\\/pt-pt\\\/\",\"logo\":{\"@type\":\"ImageObject\",\"inLanguage\":\"pt-PT\",\"@id\":\"https:\\\/\\\/dna-sport.com\\\/pt-pt\\\/#\\\/schema\\\/logo\\\/image\\\/\",\"url\":\"https:\\\/\\\/dna-sport.com\\\/wp-content\\\/uploads\\\/2022\\\/06\\\/dna-logo1.jpg\",\"contentUrl\":\"https:\\\/\\\/dna-sport.com\\\/wp-content\\\/uploads\\\/2022\\\/06\\\/dna-logo1.jpg\",\"width\":2083,\"height\":2083,\"caption\":\"DNA-Sport.com\"},\"image\":{\"@id\":\"https:\\\/\\\/dna-sport.com\\\/pt-pt\\\/#\\\/schema\\\/logo\\\/image\\\/\"},\"sameAs\":[\"https:\\\/\\\/www.facebook.com\\\/Sport.is.Our.Dna\",\"https:\\\/\\\/www.instagram.com\\\/dnasport_shop\\\/\"]}]}<\/script>\n<!-- \/ Yoast SEO plugin. -->","yoast_head_json":{"title":"BORRACHA TOPEAK SUPORTE BAGAGENS MTX TRK-R004 &#8226; DNA-SPORT.COM","robots":{"index":"index","follow":"follow","max-snippet":"max-snippet:-1","max-image-preview":"max-image-preview:large","max-video-preview":"max-video-preview:-1"},"canonical":"https:\/\/dna-sport.com\/pt-pt\/produto\/borracha-topeak-suporte-bagagens-mtx\/","og_locale":"pt_PT","og_type":"article","og_title":"BORRACHA TOPEAK SUPORTE BAGAGENS MTX TRK-R004 &#8226; DNA-SPORT.COM","og_description":"Borrachas para os suportes de bagagens traseiro Topeak de fixa\u00e7\u00e3o no espig\u00e3o s\u00e9rie MTX TA2096","og_url":"https:\/\/dna-sport.com\/pt-pt\/produto\/borracha-topeak-suporte-bagagens-mtx\/","og_site_name":"DNA-SPORT.COM","article_publisher":"https:\/\/www.facebook.com\/Sport.is.Our.Dna","article_modified_time":"2025-11-20T09:19:40+00:00","og_image":[{"width":800,"height":600,"url":"https:\/\/dna-sport.com\/wp-content\/uploads\/2022\/06\/TP98.8310.jpg","type":"image\/jpeg"}],"twitter_card":"summary_large_image","schema":{"@context":"https:\/\/schema.org","@graph":[{"@type":"WebPage","@id":"https:\/\/dna-sport.com\/pt-pt\/produto\/borracha-topeak-suporte-bagagens-mtx\/","url":"https:\/\/dna-sport.com\/pt-pt\/produto\/borracha-topeak-suporte-bagagens-mtx\/","name":"BORRACHA TOPEAK SUPORTE BAGAGENS MTX TRK-R004 &#8226; DNA-SPORT.COM","isPartOf":{"@id":"https:\/\/dna-sport.com\/pt-pt\/#website"},"primaryImageOfPage":{"@id":"https:\/\/dna-sport.com\/pt-pt\/produto\/borracha-topeak-suporte-bagagens-mtx\/#primaryimage"},"image":{"@id":"https:\/\/dna-sport.com\/pt-pt\/produto\/borracha-topeak-suporte-bagagens-mtx\/#primaryimage"},"thumbnailUrl":"https:\/\/dna-sport.com\/wp-content\/uploads\/2022\/06\/TP98.8310.jpg","datePublished":"2022-05-27T08:40:51+00:00","dateModified":"2025-11-20T09:19:40+00:00","breadcrumb":{"@id":"https:\/\/dna-sport.com\/pt-pt\/produto\/borracha-topeak-suporte-bagagens-mtx\/#breadcrumb"},"inLanguage":"pt-PT","potentialAction":[{"@type":"ReadAction","target":["https:\/\/dna-sport.com\/pt-pt\/produto\/borracha-topeak-suporte-bagagens-mtx\/"]}]},{"@type":"ImageObject","inLanguage":"pt-PT","@id":"https:\/\/dna-sport.com\/pt-pt\/produto\/borracha-topeak-suporte-bagagens-mtx\/#primaryimage","url":"https:\/\/dna-sport.com\/wp-content\/uploads\/2022\/06\/TP98.8310.jpg","contentUrl":"https:\/\/dna-sport.com\/wp-content\/uploads\/2022\/06\/TP98.8310.jpg","width":800,"height":600},{"@type":"BreadcrumbList","@id":"https:\/\/dna-sport.com\/pt-pt\/produto\/borracha-topeak-suporte-bagagens-mtx\/#breadcrumb","itemListElement":[{"@type":"ListItem","position":1,"name":"Home","item":"https:\/\/dna-sport.com\/pt-pt\/"},{"@type":"ListItem","position":2,"name":"Loja","item":"https:\/\/dna-sport.com\/pt-pt\/loja\/"},{"@type":"ListItem","position":3,"name":"BORRACHA TOPEAK SUPORTE BAGAGENS MTX TRK-R004"}]},{"@type":"WebSite","@id":"https:\/\/dna-sport.com\/pt-pt\/#website","url":"https:\/\/dna-sport.com\/pt-pt\/","name":"DNA-SPORT.COM","description":"","publisher":{"@id":"https:\/\/dna-sport.com\/pt-pt\/#organization"},"potentialAction":[{"@type":"SearchAction","target":{"@type":"EntryPoint","urlTemplate":"https:\/\/dna-sport.com\/pt-pt\/?s={search_term_string}"},"query-input":{"@type":"PropertyValueSpecification","valueRequired":true,"valueName":"search_term_string"}}],"inLanguage":"pt-PT"},{"@type":"Organization","@id":"https:\/\/dna-sport.com\/pt-pt\/#organization","name":"DNA-Sport.com","url":"https:\/\/dna-sport.com\/pt-pt\/","logo":{"@type":"ImageObject","inLanguage":"pt-PT","@id":"https:\/\/dna-sport.com\/pt-pt\/#\/schema\/logo\/image\/","url":"https:\/\/dna-sport.com\/wp-content\/uploads\/2022\/06\/dna-logo1.jpg","contentUrl":"https:\/\/dna-sport.com\/wp-content\/uploads\/2022\/06\/dna-logo1.jpg","width":2083,"height":2083,"caption":"DNA-Sport.com"},"image":{"@id":"https:\/\/dna-sport.com\/pt-pt\/#\/schema\/logo\/image\/"},"sameAs":["https:\/\/www.facebook.com\/Sport.is.Our.Dna","https:\/\/www.instagram.com\/dnasport_shop\/"]}]}},"_links":{"self":[{"href":"https:\/\/dna-sport.com\/pt-pt\/wp-json\/wp\/v2\/product\/24015","targetHints":{"allow":["GET"]}}],"collection":[{"href":"https:\/\/dna-sport.com\/pt-pt\/wp-json\/wp\/v2\/product"}],"about":[{"href":"https:\/\/dna-sport.com\/pt-pt\/wp-json\/wp\/v2\/types\/product"}],"wp:featuredmedia":[{"embeddable":true,"href":"https:\/\/dna-sport.com\/pt-pt\/wp-json\/wp\/v2\/media\/27596"}],"wp:attachment":[{"href":"https:\/\/dna-sport.com\/pt-pt\/wp-json\/wp\/v2\/media?parent=24015"}],"wp:term":[{"taxonomy":"product_brand","embeddable":true,"href":"https:\/\/dna-sport.com\/pt-pt\/wp-json\/wp\/v2\/product_brand?post=24015"},{"taxonomy":"product_cat","embeddable":true,"href":"https:\/\/dna-sport.com\/pt-pt\/wp-json\/wp\/v2\/product_cat?post=24015"},{"taxonomy":"product_tag","embeddable":true,"href":"https:\/\/dna-sport.com\/pt-pt\/wp-json\/wp\/v2\/product_tag?post=24015"}],"curies":[{"name":"wp","href":"https:\/\/api.w.org\/{rel}","templated":true}]}}